{"id":86,"date":"2017-11-08T23:54:05","date_gmt":"2017-11-08T23:54:05","guid":{"rendered":"http:\/\/www.acofi.edu.co\/eiei2018\/?page_id=86"},"modified":"2018-09-14T13:48:24","modified_gmt":"2018-09-14T13:48:24","slug":"pre-inscripcion","status":"publish","type":"page","link":"http:\/\/www.acofi.edu.co\/eiei2018\/pre-inscripcion\/","title":{"rendered":"Pre-Inscripci\u00f3n"},"content":{"rendered":"<p style=\"text-align: justify;\"><strong>La Inscripci\u00f3n al Encuentro se har\u00e1 oficial, una vez se haya cancelado el valor de la inscripci\u00f3n de cada participante.<\/strong><\/p>\n<h3><span style=\"color: #64698e;\">Costos<\/span><\/h3>\n<p><strong>Asistentes en general: COP 1.400.000 \/ USD 560<\/strong><\/p>\n<p><strong>Estudiantes de pregrado: COP 600.000 \/ USD 240<\/strong><\/p>\n<p><strong><span style=\"color: #ffffff;\">.<\/span><\/strong><\/p>\n<h5 style=\"text-align: center;\"><span style=\"color: #ef4136;\"><strong>Importante:<\/strong>\u00a0Los pagos recibidos por concepto de inscripci\u00f3n al Encuentro Internacional de Educaci\u00f3n en Ingenier\u00eda ACOFI 2018, no son reembolsables.<\/span><\/h5>\n<h3 style=\"text-align: center;\"><span style=\"color: #ff0000;\">LES INFORMAMOS QUE LAS INSCRIPCIONES POR LA P\u00c1GINA WEB DEL EVENTO SE ENCUENTRAN CERRADAS. PARA REALIZAR SU INSCRIPCI\u00d3N SOLO PODR\u00c1 HACERLO PRESENCIALMENTE EN LAS INSTALACIONES DEL HYATT REGENCY CARTAGENA A PARTIR DEL MARTES 18 DE SEPTIEMBRE DE 2018<\/span><\/h3>\n<div class=\"container\">\n<div class=\"row\">\n<div class=\"col-12 vMargin15\">\n<h3>Medios de pago<\/h3>\n<p style=\"text-align: justify;\">Hemos facilitado las siguientes opciones para que realice su pago de manera \u00e1gil:<\/p>\n<h4 class=\"section-title\">Pago en L\u00ednea<\/h4>\n<\/div>\n<\/div>\n<div class=\"row\">\n<div class=\"col-12 botones-pago\">\n<div class=\"button-style3\"><a class=\"\" href=\"https:\/\/www.zonapagos.com\/t_acofius\">Dollars (USD)<\/a><\/div>\n<div class=\"button-style3\"><a class=\"\" href=\"https:\/\/www.zonapagos.com\/t_acofi\">Pesos (COP)<\/a><\/div>\n<\/div>\n<\/div>\n<\/div>\n<div class=\"container\">\n<div class=\"row\">\n<div class=\"col-12 vMargin15\">\n<div class=\"vMargin15\">\n<h4>Datos para transferencia bancaria en Colombia<\/h4>\n<div>Nombre beneficiario: ACOFI. Asociaci\u00f3n Colombiana de Facultades de Ingenier\u00eda<br \/>\nTel\u00e9fono del beneficiario: 571 4273065 ext. 103<br \/>\nEntidad bancaria: Bancolombia, sucursal salitre, calle 25 N\u00b0. 68B-02, Bogot\u00e1. Tel: 571 4273070<br \/>\nN\u00famero de cuenta: 17126041844<br \/>\nTipo de cuenta: Corriente<br \/>\nCiudad y pa\u00eds: Bogot\u00e1, Colombia<\/div>\n<\/div>\n<div class=\"vMargin15\">\n<h4>Datos para transferencia bancaria en el exterior<\/h4>\n<div>Banco pagador: BANCOLOMBIA<br \/>\nSWIFT BANCOLOMBIA: COLOCOBM<br \/>\nBanco intermediario: CITIBANK de Nueva York<br \/>\nC\u00f3digo ABA: 021000089<br \/>\nSWIFT: CITIUS33<br \/>\nAcreditar a la cuenta: #36006658 de BANCOLOMBIA<\/div>\n<\/div>\n<\/div>\n<\/div>\n<\/div>\n<div class=\"container\">\n<div class=\"row\">\n<div class=\"col-12 vMargin15\">\n<h3>Contacto<\/h3>\n<p style=\"text-align: justify;\">En la consignaci\u00f3n, indicar nombre del inscrito e instituci\u00f3n que presenta y enviarla al fax (57 1) 4273065 ext. 102 \u00f3 111. e-mail:\u00a0<strong><a href=\"mailto:administrativa@acofi.edu.co\" target=\"_blank\" rel=\"noopener\">administrativa@acofi.edu.co<\/a><\/strong>\u00a0ACOFI expedir\u00e1 la factura una vez se haya realizado el pago.<\/p>\n<p style=\"text-align: justify;\">Si usted requiere un tr\u00e1mite diferente para el pago de su inscripci\u00f3n, por favor escr\u00edbanos haciendo la solicitud respectiva a\u00a0<strong><a href=\"mailto:administrativa@acofi.edu.co\" target=\"_blank\" rel=\"noopener\">administrativa@acofi.edu.co<\/a><\/strong>\u00a0y estaremos prestos a colaborarle.<\/p>\n<\/div>\n<\/div>\n<\/div>\n","protected":false},"excerpt":{"rendered":"<p>La Inscripci\u00f3n al Encuentro se har\u00e1 oficial, una vez se haya cancelado el valor de la inscripci\u00f3n de cada participante. Costos Asistentes en general: COP 1.400.000 \/ USD 560 Estudiantes de pregrado: COP 600.000 \/ USD 240 . Importante:\u00a0Los pagos recibidos por concepto de inscripci\u00f3n al Encuentro Internacional de Educaci\u00f3n en Ingenier\u00eda ACOFI 2018, no [&hellip;]<\/p>\n","protected":false},"author":1,"featured_media":0,"parent":0,"menu_order":0,"comment_status":"closed","ping_status":"closed","template":"","meta":[],"_links":{"self":[{"href":"http:\/\/www.acofi.edu.co\/eiei2018\/wp-json\/wp\/v2\/pages\/86"}],"collection":[{"href":"http:\/\/www.acofi.edu.co\/eiei2018\/wp-json\/wp\/v2\/pages"}],"about":[{"href":"http:\/\/www.acofi.edu.co\/eiei2018\/wp-json\/wp\/v2\/types\/page"}],"author":[{"embeddable":true,"href":"http:\/\/www.acofi.edu.co\/eiei2018\/wp-json\/wp\/v2\/users\/1"}],"replies":[{"embeddable":true,"href":"http:\/\/www.acofi.edu.co\/eiei2018\/wp-json\/wp\/v2\/comments?post=86"}],"version-history":[{"count":56,"href":"http:\/\/www.acofi.edu.co\/eiei2018\/wp-json\/wp\/v2\/pages\/86\/revisions"}],"predecessor-version":[{"id":911,"href":"http:\/\/www.acofi.edu.co\/eiei2018\/wp-json\/wp\/v2\/pages\/86\/revisions\/911"}],"wp:attachment":[{"href":"http:\/\/www.acofi.edu.co\/eiei2018\/wp-json\/wp\/v2\/media?parent=86"}],"curies":[{"name":"wp","href":"https:\/\/api.w.org\/{rel}","templated":true}]}}