{"id":452,"date":"2018-02-09T13:47:45","date_gmt":"2018-02-09T13:47:45","guid":{"rendered":"http:\/\/www.acofi.edu.co\/eiei2018\/?page_id=452"},"modified":"2018-02-09T13:49:43","modified_gmt":"2018-02-09T13:49:43","slug":"descripcion-de-alternativas","status":"publish","type":"page","link":"http:\/\/www.acofi.edu.co\/eiei2018\/informacion-general\/patrocinios\/descripcion-de-alternativas\/","title":{"rendered":"Descripci\u00f3n de alternativas"},"content":{"rendered":"<h4 style=\"text-align: center;\">Para ampliar la informaci\u00f3n y enterase como ser nuestro aliado, puede comunicarse con nosotros a trav\u00e9s del correo electr\u00f3nico\u00a0<a href=\"mailto:jennyquiroga@acofi.edu.co\">jennyquiroga@acofi.edu.co<\/a>\u00a0o en el tel\u00e9fono +57 1 427 3065<\/h4>\n<p><img loading=\"lazy\" class=\"alignnone size-full wp-image-455\" src=\"http:\/\/www.acofi.edu.co\/eiei2018\/wp-content\/uploads\/2018\/02\/Descripci\u00f3n-de-alternativas-final_P\u00e1gina_1.jpg\" alt=\"\" width=\"1671\" height=\"2137\" srcset=\"http:\/\/www.acofi.edu.co\/eiei2018\/wp-content\/uploads\/2018\/02\/Descripci\u00f3n-de-alternativas-final_P\u00e1gina_1.jpg 1671w, http:\/\/www.acofi.edu.co\/eiei2018\/wp-content\/uploads\/2018\/02\/Descripci\u00f3n-de-alternativas-final_P\u00e1gina_1-235x300.jpg 235w, http:\/\/www.acofi.edu.co\/eiei2018\/wp-content\/uploads\/2018\/02\/Descripci\u00f3n-de-alternativas-final_P\u00e1gina_1-768x982.jpg 768w, http:\/\/www.acofi.edu.co\/eiei2018\/wp-content\/uploads\/2018\/02\/Descripci\u00f3n-de-alternativas-final_P\u00e1gina_1-801x1024.jpg 801w\" sizes=\"(max-width: 1671px) 100vw, 1671px\" \/> <img loading=\"lazy\" class=\"alignnone size-full wp-image-456\" src=\"http:\/\/www.acofi.edu.co\/eiei2018\/wp-content\/uploads\/2018\/02\/Descripci\u00f3n-de-alternativas-final_P\u00e1gina_2.jpg\" alt=\"\" width=\"1654\" height=\"2126\" srcset=\"http:\/\/www.acofi.edu.co\/eiei2018\/wp-content\/uploads\/2018\/02\/Descripci\u00f3n-de-alternativas-final_P\u00e1gina_2.jpg 1654w, http:\/\/www.acofi.edu.co\/eiei2018\/wp-content\/uploads\/2018\/02\/Descripci\u00f3n-de-alternativas-final_P\u00e1gina_2-233x300.jpg 233w, http:\/\/www.acofi.edu.co\/eiei2018\/wp-content\/uploads\/2018\/02\/Descripci\u00f3n-de-alternativas-final_P\u00e1gina_2-768x987.jpg 768w, http:\/\/www.acofi.edu.co\/eiei2018\/wp-content\/uploads\/2018\/02\/Descripci\u00f3n-de-alternativas-final_P\u00e1gina_2-797x1024.jpg 797w\" sizes=\"(max-width: 1654px) 100vw, 1654px\" \/> <img loading=\"lazy\" class=\"alignnone size-full wp-image-457\" src=\"http:\/\/www.acofi.edu.co\/eiei2018\/wp-content\/uploads\/2018\/02\/Descripci\u00f3n-de-alternativas-final_P\u00e1gina_3.jpg\" alt=\"\" width=\"2043\" height=\"2626\" srcset=\"http:\/\/www.acofi.edu.co\/eiei2018\/wp-content\/uploads\/2018\/02\/Descripci\u00f3n-de-alternativas-final_P\u00e1gina_3.jpg 2043w, http:\/\/www.acofi.edu.co\/eiei2018\/wp-content\/uploads\/2018\/02\/Descripci\u00f3n-de-alternativas-final_P\u00e1gina_3-233x300.jpg 233w, http:\/\/www.acofi.edu.co\/eiei2018\/wp-content\/uploads\/2018\/02\/Descripci\u00f3n-de-alternativas-final_P\u00e1gina_3-768x987.jpg 768w, http:\/\/www.acofi.edu.co\/eiei2018\/wp-content\/uploads\/2018\/02\/Descripci\u00f3n-de-alternativas-final_P\u00e1gina_3-797x1024.jpg 797w\" sizes=\"(max-width: 2043px) 100vw, 2043px\" \/> <img loading=\"lazy\" class=\"alignnone size-full wp-image-458\" src=\"http:\/\/www.acofi.edu.co\/eiei2018\/wp-content\/uploads\/2018\/02\/Descripci\u00f3n-de-alternativas-final_P\u00e1gina_4.jpg\" alt=\"\" width=\"1654\" height=\"2126\" srcset=\"http:\/\/www.acofi.edu.co\/eiei2018\/wp-content\/uploads\/2018\/02\/Descripci\u00f3n-de-alternativas-final_P\u00e1gina_4.jpg 1654w, http:\/\/www.acofi.edu.co\/eiei2018\/wp-content\/uploads\/2018\/02\/Descripci\u00f3n-de-alternativas-final_P\u00e1gina_4-233x300.jpg 233w, http:\/\/www.acofi.edu.co\/eiei2018\/wp-content\/uploads\/2018\/02\/Descripci\u00f3n-de-alternativas-final_P\u00e1gina_4-768x987.jpg 768w, http:\/\/www.acofi.edu.co\/eiei2018\/wp-content\/uploads\/2018\/02\/Descripci\u00f3n-de-alternativas-final_P\u00e1gina_4-797x1024.jpg 797w\" sizes=\"(max-width: 1654px) 100vw, 1654px\" \/> <img loading=\"lazy\" class=\"alignnone size-full wp-image-459\" src=\"http:\/\/www.acofi.edu.co\/eiei2018\/wp-content\/uploads\/2018\/02\/Descripci\u00f3n-de-alternativas-final_P\u00e1gina_5.jpg\" alt=\"\" width=\"1654\" height=\"2126\" srcset=\"http:\/\/www.acofi.edu.co\/eiei2018\/wp-content\/uploads\/2018\/02\/Descripci\u00f3n-de-alternativas-final_P\u00e1gina_5.jpg 1654w, http:\/\/www.acofi.edu.co\/eiei2018\/wp-content\/uploads\/2018\/02\/Descripci\u00f3n-de-alternativas-final_P\u00e1gina_5-233x300.jpg 233w, http:\/\/www.acofi.edu.co\/eiei2018\/wp-content\/uploads\/2018\/02\/Descripci\u00f3n-de-alternativas-final_P\u00e1gina_5-768x987.jpg 768w, http:\/\/www.acofi.edu.co\/eiei2018\/wp-content\/uploads\/2018\/02\/Descripci\u00f3n-de-alternativas-final_P\u00e1gina_5-797x1024.jpg 797w\" sizes=\"(max-width: 1654px) 100vw, 1654px\" \/> <img loading=\"lazy\" class=\"alignnone size-full wp-image-460\" src=\"http:\/\/www.acofi.edu.co\/eiei2018\/wp-content\/uploads\/2018\/02\/Descripci\u00f3n-de-alternativas-final_P\u00e1gina_6.jpg\" alt=\"\" width=\"1662\" height=\"2126\" srcset=\"http:\/\/www.acofi.edu.co\/eiei2018\/wp-content\/uploads\/2018\/02\/Descripci\u00f3n-de-alternativas-final_P\u00e1gina_6.jpg 1662w, http:\/\/www.acofi.edu.co\/eiei2018\/wp-content\/uploads\/2018\/02\/Descripci\u00f3n-de-alternativas-final_P\u00e1gina_6-235x300.jpg 235w, http:\/\/www.acofi.edu.co\/eiei2018\/wp-content\/uploads\/2018\/02\/Descripci\u00f3n-de-alternativas-final_P\u00e1gina_6-768x982.jpg 768w, http:\/\/www.acofi.edu.co\/eiei2018\/wp-content\/uploads\/2018\/02\/Descripci\u00f3n-de-alternativas-final_P\u00e1gina_6-801x1024.jpg 801w\" sizes=\"(max-width: 1662px) 100vw, 1662px\" \/><\/p>\n","protected":false},"excerpt":{"rendered":"<p>Para ampliar la informaci\u00f3n y enterase como ser nuestro aliado, puede comunicarse con nosotros a trav\u00e9s del correo electr\u00f3nico\u00a0jennyquiroga@acofi.edu.co\u00a0o en el tel\u00e9fono +57 1 427 3065<\/p>\n","protected":false},"author":2,"featured_media":0,"parent":25,"menu_order":0,"comment_status":"closed","ping_status":"closed","template":"","meta":[],"_links":{"self":[{"href":"http:\/\/www.acofi.edu.co\/eiei2018\/wp-json\/wp\/v2\/pages\/452"}],"collection":[{"href":"http:\/\/www.acofi.edu.co\/eiei2018\/wp-json\/wp\/v2\/pages"}],"about":[{"href":"http:\/\/www.acofi.edu.co\/eiei2018\/wp-json\/wp\/v2\/types\/page"}],"author":[{"embeddable":true,"href":"http:\/\/www.acofi.edu.co\/eiei2018\/wp-json\/wp\/v2\/users\/2"}],"replies":[{"embeddable":true,"href":"http:\/\/www.acofi.edu.co\/eiei2018\/wp-json\/wp\/v2\/comments?post=452"}],"version-history":[{"count":4,"href":"http:\/\/www.acofi.edu.co\/eiei2018\/wp-json\/wp\/v2\/pages\/452\/revisions"}],"predecessor-version":[{"id":462,"href":"http:\/\/www.acofi.edu.co\/eiei2018\/wp-json\/wp\/v2\/pages\/452\/revisions\/462"}],"up":[{"embeddable":true,"href":"http:\/\/www.acofi.edu.co\/eiei2018\/wp-json\/wp\/v2\/pages\/25"}],"wp:attachment":[{"href":"http:\/\/www.acofi.edu.co\/eiei2018\/wp-json\/wp\/v2\/media?parent=452"}],"curies":[{"name":"wp","href":"https:\/\/api.w.org\/{rel}","templated":true}]}}